{"id":1805,"date":"2017-07-14T09:01:54","date_gmt":"2017-07-14T09:01:54","guid":{"rendered":"http:\/\/www.neimcke-werkstatteinrichtung.de\/?page_id=1805"},"modified":"2020-10-26T08:24:05","modified_gmt":"2020-10-26T08:24:05","slug":"karriere","status":"publish","type":"page","link":"https:\/\/www.neimcke-werkstatteinrichtung.de\/at\/karriere\/","title":{"rendered":"Karriere"},"content":{"rendered":"","protected":false},"excerpt":{"rendered":"","protected":false},"author":9,"featured_media":0,"parent":0,"menu_order":0,"comment_status":"closed","ping_status":"closed","template":"page-templates\/karriere.php","meta":{"_acf_changed":false,"footnotes":""},"class_list":["post-1805","page","type-page","status-publish","hentry"],"acf":[],"yoast_head":"<!-- This site is optimized with the Yoast SEO plugin v26.6 - https:\/\/yoast.com\/wordpress\/plugins\/seo\/ -->\n<title>Mach Karriere bei Neimcke, hier sind die offenen Stellen!<\/title>\n<meta name=\"description\" content=\"Bei Neimcke ist es \u00fcblich, F\u00fchrungspositionen durch erfahrene Mitarbeiter zu besetzen. Bewerben Sie sich jetzt - coole Kollegen mit Teamgeist warte auf Sie!\" \/>\n<meta name=\"robots\" content=\"index, follow, max-snippet:-1, max-image-preview:large, max-video-preview:-1\" \/>\n<link rel=\"canonical\" href=\"https:\/\/www.neimcke-werkstatteinrichtung.de\/karriere\/\" \/>\n<meta property=\"og:locale\" content=\"en_US\" \/>\n<meta property=\"og:type\" content=\"article\" \/>\n<meta property=\"og:title\" content=\"Mach Karriere bei Neimcke, hier sind die offenen Stellen!\" \/>\n<meta property=\"og:description\" content=\"Bei Neimcke ist es \u00fcblich, F\u00fchrungspositionen durch erfahrene Mitarbeiter zu besetzen. Bewerben Sie sich jetzt - coole Kollegen mit Teamgeist warte auf Sie!\" \/>\n<meta property=\"og:url\" content=\"https:\/\/www.neimcke-werkstatteinrichtung.de\/karriere\/\" \/>\n<meta property=\"og:site_name\" content=\"Neimcke - Weil jedes Teil z\u00e4hlt! Ihr Partner f\u00fcr Werkstatteinrichtung. | Gro\u00dfhandel, Autoteile, Autozubeh\u00f6r, Werkstatteinrichtung\" \/>\n<meta property=\"article:modified_time\" content=\"2020-10-26T08:24:05+00:00\" \/>\n<meta name=\"twitter:card\" content=\"summary_large_image\" \/>\n<script type=\"application\/ld+json\" class=\"yoast-schema-graph\">{\"@context\":\"https:\/\/schema.org\",\"@graph\":[{\"@type\":\"WebPage\",\"@id\":\"https:\/\/www.neimcke-werkstatteinrichtung.de\/karriere\/\",\"url\":\"https:\/\/www.neimcke-werkstatteinrichtung.de\/karriere\/\",\"name\":\"Mach Karriere bei Neimcke, hier sind die offenen Stellen!\",\"isPartOf\":{\"@id\":\"https:\/\/www.neimcke-werkstatteinrichtung.de\/#website\"},\"datePublished\":\"2017-07-14T09:01:54+00:00\",\"dateModified\":\"2020-10-26T08:24:05+00:00\",\"description\":\"Bei Neimcke ist es \u00fcblich, F\u00fchrungspositionen durch erfahrene Mitarbeiter zu besetzen. Bewerben Sie sich jetzt - coole Kollegen mit Teamgeist warte auf Sie!\",\"inLanguage\":\"at-AT\",\"potentialAction\":[{\"@type\":\"ReadAction\",\"target\":[\"https:\/\/www.neimcke-werkstatteinrichtung.de\/karriere\/\"]}]},{\"@type\":\"WebSite\",\"@id\":\"https:\/\/www.neimcke-werkstatteinrichtung.de\/#website\",\"url\":\"https:\/\/www.neimcke-werkstatteinrichtung.de\/\",\"name\":\"Neimcke - Weil jedes Teil z\u00e4hlt! Ihr Partner f\u00fcr Werkstatteinrichtung. | Gro\u00dfhandel, Autoteile, Autozubeh\u00f6r, Werkstatteinrichtung\",\"description\":\"Die komplette Werkstatteinrichtung - alles aus einer Hand.\",\"potentialAction\":[{\"@type\":\"SearchAction\",\"target\":{\"@type\":\"EntryPoint\",\"urlTemplate\":\"https:\/\/www.neimcke-werkstatteinrichtung.de\/?s={search_term_string}\"},\"query-input\":{\"@type\":\"PropertyValueSpecification\",\"valueRequired\":true,\"valueName\":\"search_term_string\"}}],\"inLanguage\":\"at-AT\"}]}<\/script>\n<!-- \/ Yoast SEO plugin. -->","yoast_head_json":{"title":"Mach Karriere bei Neimcke, hier sind die offenen Stellen!","description":"Bei Neimcke ist es \u00fcblich, F\u00fchrungspositionen durch erfahrene Mitarbeiter zu besetzen. Bewerben Sie sich jetzt - coole Kollegen mit Teamgeist warte auf Sie!","robots":{"index":"index","follow":"follow","max-snippet":"max-snippet:-1","max-image-preview":"max-image-preview:large","max-video-preview":"max-video-preview:-1"},"canonical":"https:\/\/www.neimcke-werkstatteinrichtung.de\/karriere\/","og_locale":"en_US","og_type":"article","og_title":"Mach Karriere bei Neimcke, hier sind die offenen Stellen!","og_description":"Bei Neimcke ist es \u00fcblich, F\u00fchrungspositionen durch erfahrene Mitarbeiter zu besetzen. Bewerben Sie sich jetzt - coole Kollegen mit Teamgeist warte auf Sie!","og_url":"https:\/\/www.neimcke-werkstatteinrichtung.de\/karriere\/","og_site_name":"Neimcke - Weil jedes Teil z\u00e4hlt! Ihr Partner f\u00fcr Werkstatteinrichtung. | Gro\u00dfhandel, Autoteile, Autozubeh\u00f6r, Werkstatteinrichtung","article_modified_time":"2020-10-26T08:24:05+00:00","twitter_card":"summary_large_image","schema":{"@context":"https:\/\/schema.org","@graph":[{"@type":"WebPage","@id":"https:\/\/www.neimcke-werkstatteinrichtung.de\/karriere\/","url":"https:\/\/www.neimcke-werkstatteinrichtung.de\/karriere\/","name":"Mach Karriere bei Neimcke, hier sind die offenen Stellen!","isPartOf":{"@id":"https:\/\/www.neimcke-werkstatteinrichtung.de\/#website"},"datePublished":"2017-07-14T09:01:54+00:00","dateModified":"2020-10-26T08:24:05+00:00","description":"Bei Neimcke ist es \u00fcblich, F\u00fchrungspositionen durch erfahrene Mitarbeiter zu besetzen. Bewerben Sie sich jetzt - coole Kollegen mit Teamgeist warte auf Sie!","inLanguage":"at-AT","potentialAction":[{"@type":"ReadAction","target":["https:\/\/www.neimcke-werkstatteinrichtung.de\/karriere\/"]}]},{"@type":"WebSite","@id":"https:\/\/www.neimcke-werkstatteinrichtung.de\/#website","url":"https:\/\/www.neimcke-werkstatteinrichtung.de\/","name":"Neimcke - Weil jedes Teil z\u00e4hlt! Ihr Partner f\u00fcr Werkstatteinrichtung. | Gro\u00dfhandel, Autoteile, Autozubeh\u00f6r, Werkstatteinrichtung","description":"Die komplette Werkstatteinrichtung - alles aus einer Hand.","potentialAction":[{"@type":"SearchAction","target":{"@type":"EntryPoint","urlTemplate":"https:\/\/www.neimcke-werkstatteinrichtung.de\/?s={search_term_string}"},"query-input":{"@type":"PropertyValueSpecification","valueRequired":true,"valueName":"search_term_string"}}],"inLanguage":"at-AT"}]}},"_links":{"self":[{"href":"https:\/\/www.neimcke-werkstatteinrichtung.de\/at\/wp-json\/wp\/v2\/pages\/1805","targetHints":{"allow":["GET"]}}],"collection":[{"href":"https:\/\/www.neimcke-werkstatteinrichtung.de\/at\/wp-json\/wp\/v2\/pages"}],"about":[{"href":"https:\/\/www.neimcke-werkstatteinrichtung.de\/at\/wp-json\/wp\/v2\/types\/page"}],"author":[{"embeddable":true,"href":"https:\/\/www.neimcke-werkstatteinrichtung.de\/at\/wp-json\/wp\/v2\/users\/9"}],"replies":[{"embeddable":true,"href":"https:\/\/www.neimcke-werkstatteinrichtung.de\/at\/wp-json\/wp\/v2\/comments?post=1805"}],"version-history":[{"count":11,"href":"https:\/\/www.neimcke-werkstatteinrichtung.de\/at\/wp-json\/wp\/v2\/pages\/1805\/revisions"}],"predecessor-version":[{"id":2223,"href":"https:\/\/www.neimcke-werkstatteinrichtung.de\/at\/wp-json\/wp\/v2\/pages\/1805\/revisions\/2223"}],"wp:attachment":[{"href":"https:\/\/www.neimcke-werkstatteinrichtung.de\/at\/wp-json\/wp\/v2\/media?parent=1805"}],"curies":[{"name":"wp","href":"https:\/\/api.w.org\/{rel}","templated":true}]}}