{"id":2000,"date":"2016-10-07T16:46:31","date_gmt":"2016-10-07T16:46:31","guid":{"rendered":"http:\/\/www.neimcke-werkstatteinrichtung.de\/impressum"},"modified":"2023-04-09T15:19:24","modified_gmt":"2023-04-09T15:19:24","slug":"impressum","status":"publish","type":"page","link":"https:\/\/www.neimcke-werkstatteinrichtung.de\/at\/impressum\/","title":{"rendered":"Impressum"},"content":{"rendered":"<p>DIENSTANBIETERs<br \/>\nNeimcke GmbH &amp; Co. KG<br \/>\nAm Industriepark 21<br \/>\nD-84453 M\u00fchldorf\/Inn<\/p>\n<p>GESCH\u00c4FTSF\u00dcHRUNG<br \/>\nJ\u00f6rg Neimcke, Heinz Rieker<br \/>\nUSt-IdNr.: DE 129 255 498<\/p>\n<p>KONZEPT, DESIGN, PROGRAMMIERUNG<br \/>\n<a href=\"http:\/\/www.spreadfilms.de\">Spreadfilms<\/a><\/p>\n<p>HAFTUNGSAUSSCHLUSS<\/p>\n<p>PRIVATSPH\u00c4RE<br \/>\nWir sch\u00e4tzen Ihre Privatsph\u00e4re. Informationen, die Sie uns \u00fcber ein Formular mitteilen, werden wir ausschlie\u00dflich zur Kontaktaufnahme verwenden, soweit Sie diese gew\u00fcnscht haben. Die Daten werden auf keinen Fall an Dritte weitergegeben.<\/p>\n<p>COPYRIGHT<br \/>\nAlle Texte, Fotos und Gestaltungselemente dieser Site sind \u2013 sofern nicht ein anderes Copyright angegeben ist \u2013 f\u00fcr das Unternehmen Neimcke urheberrechtlich gesch\u00fctzt. Jede Verwertung au\u00dferhalb der engen Grenzen des Urheberrechtsgesetzes ist ohne Zustimmung des Unternehmens Neimcke unzul\u00e4ssig.<\/p>\n<p>HINWEIS GEM\u00c4SS TELEDIENSTGESETZ<br \/>\nF\u00fcr Internetseiten Dritter, auf die Neimcke durch sogenannte Links verweist, tragen die jeweiligen Anbieter die Verantwortung. Neimcke ist f\u00fcr den Inhalt solcher Seiten Dritter nicht verantwortlich. Des Weiteren kann die Web-Seite des Unternehmens Neimcke ohne dessen Wissen von anderen Seiten mittels sogenannten Links angelinkt werden. Neimcke \u00fcber-nimmt keine Verantwortung f\u00fcr Darstellungen, Inhalt oder irgendeine Verbindung zum Unternehmen Neimcke in Web-Seiten Dritter. F\u00fcr fremde Inhalte ist Neimcke nur dann verantwortlich, wenn es von ihnen (d.h. auch von einem rechtswidrigen oder strafbaren Inhalt) positive Kenntnis hat und es dem Unternehmen Neimcke technisch m\u00f6glich und zumutbar ist, deren Nutzung zu verhindern. Neimcke ist nach dem Teledienstgesetz jedoch nicht verpflichtet, die fremden Inhalte st\u00e4ndig zu \u00fcberpr\u00fcfen.<\/p>\n<p>ABMAHNUNG OHNE VORHERIGEN KONTAKT<br \/>\nSollte der Inhalt oder die Aufmachung dieser Seite fremde Rechte Dritter oder gesetzliche Bestimmungen verletzen, so bitten wir um eine entsprechende Nachricht ohne Kostennote. Wir garantieren, dass die zu Recht bestehenden Passagen unverz\u00fcglich entfernt werden, ohne dass von Ihrer Seite die Einschaltung eines Rechtsbeistandes erforderlich ist. Dennoch von Ihnen ohne vorherige Kontaktaufnahme ausgel\u00f6ste Kosten werden wir vollumf\u00e4nglich zur\u00fcckweisen und gegebenenfalls wegen Verletzung vorgenannter Bestimmungen anzeigen.<\/p>\n<p>DATENSCHUTZHINWEIS<\/p>\n<p>Die Nutzung unserer Webseite ist in der Regel ohne Angabe personenbezogener Daten m\u00f6glich. Soweit auf unseren Seiten personenbezogene Daten (beispielsweise Name, Anschrift oder eMail-Adressen) erhoben werden, erfolgt dies, soweit m\u00f6glich, stets auf freiwilliger Basis. Diese Daten werden ohne Ihre ausdr\u00fcckliche Zustimmung nicht an Dritte weitergegeben.<br \/>\nWir weisen darauf hin, dass die Daten\u00fcbertragung im Internet (z.B. bei der Kommunikation per E-Mail) Sicherheitsl\u00fccken aufweisen kann. Ein l\u00fcckenloser Schutz der Daten vor dem Zugriff durch Dritte ist nicht m\u00f6glich.<br \/>\nDiese Website benutzt Google Analytics, einen Webanalysedienst der Google Inc. (\u201cGoogle\u201d). Google Analytics verwendet sog. \u201cCookies\u201d, Textdateien, die auf Ihrem Computer gespeichert werden und die eine Analyse der Benutzung der Website durch Sie erm\u00f6glichen. Die durch den Cookie erzeugten Informationen \u00fcber Ihre Benutzung dieser Website werden in der Regel an einen Server von Google in den USA \u00fcbertragen und dort gespeichert. Durch die Aktivierung der IP-Anonymisierung auf dieser Webseite, wird Ihre IP-Adresse von Google jedoch innerhalb von Mitgliedstaaten der Europ\u00e4ischen Union oder in anderen Vertragsstaaten des Abkommens \u00fcber den Europ\u00e4ischen Wirtschaftsraum zuvor gek\u00fcrzt. Nur in Ausnahmef\u00e4llen wird die volle IP-Adresse an einen Server von Google in den USA \u00fcbertragen und dort gek\u00fcrzt. Im Auftrag des Betreibers dieser Website wird Google diese Informationen benutzen, um Ihre Nutzung der Website auszuwerten, um Reports \u00fcber die Websiteaktivit\u00e4ten zusammenzustellen und um weitere mit der Websitenutzung und der Internetnutzung verbundene Dienstleistungen gegen\u00fcber dem Websitebetreiber zu erbringen. Die im Rahmen von Google Analytics von Ihrem Browser \u00fcbermittelte IP-Adresse wird nicht mit anderen Daten von Google zusammengef\u00fchrt. Sie k\u00f6nnen die Speicherung der Cookies durch eine entsprechende Einstellung Ihrer Browser-Software verhindern; wir weisen Sie jedoch darauf hin, dass Sie in diesem Fall gegebenenfalls nicht s\u00e4mtliche Funktionen dieser Website vollumf\u00e4nglich werden nutzen k\u00f6nnen. Sie k\u00f6nnen dar\u00fcber hinaus die Erfassung der durch das Cookie erzeugten und auf Ihre Nutzung der Website bezogenen Daten (inkl. Ihrer IP-Adresse) an Google sowie die Verarbeitung dieser Daten durch Google verhindern, indem sie das unter dem folgenden Link verf\u00fcgbare Browser-Plugin herunterladen und installieren:<br \/>\nhttp:\/\/tools.google.com\/dlpage\/gaoptout?hl=de<\/p>\n<p>M\u00fchldorf, 01.10.2016<\/p>\n<p>&nbsp;<\/p>\n<p>&nbsp;<\/p>\n<p>&nbsp;<\/p>\n","protected":false},"excerpt":{"rendered":"<p>DIENSTANBIETERs Neimcke GmbH &amp; Co. KG Am Industriepark 21 D-84453 M\u00fchldorf\/Inn GESCH\u00c4FTSF\u00dcHRUNG J\u00f6rg Neimcke, Heinz Rieker USt-IdNr.: DE 129 255 498 KONZEPT, DESIGN, PROGRAMMIERUNG Spreadfilms HAFTUNGSAUSSCHLUSS PRIVATSPH\u00c4RE Wir sch\u00e4tzen Ihre Privatsph\u00e4re. Informationen, die Sie uns \u00fcber ein Formular mitteilen, werden wir ausschlie\u00dflich zur Kontaktaufnahme verwenden, soweit Sie diese gew\u00fcnscht haben. Die Daten werden auf keinen&nbsp; <a href=\"https:\/\/www.neimcke-werkstatteinrichtung.de\/at\/impressum\/\">&hellip; Read more <i class=\"fa fa-arrow-right\"><\/i><\/a><\/p>\n","protected":false},"author":9,"featured_media":0,"parent":0,"menu_order":0,"comment_status":"closed","ping_status":"closed","template":"page-templates\/impress.php","meta":{"_acf_changed":false,"footnotes":""},"class_list":["post-2000","page","type-page","status-publish","hentry"],"acf":[],"yoast_head":"<!-- This site is optimized with the Yoast SEO plugin v26.6 - https:\/\/yoast.com\/wordpress\/plugins\/seo\/ -->\n<title>Impressum - Neimcke - Weil jedes Teil z\u00e4hlt! Ihr Partner f\u00fcr Werkstatteinrichtung. | Gro\u00dfhandel, Autoteile, Autozubeh\u00f6r, Werkstatteinrichtung<\/title>\n<meta name=\"robots\" content=\"index, follow, max-snippet:-1, max-image-preview:large, max-video-preview:-1\" \/>\n<link rel=\"canonical\" href=\"https:\/\/www.neimcke-werkstatteinrichtung.de\/at\/impressum\/\" \/>\n<meta property=\"og:locale\" content=\"en_US\" \/>\n<meta property=\"og:type\" content=\"article\" \/>\n<meta property=\"og:title\" content=\"Impressum - Neimcke - Weil jedes Teil z\u00e4hlt! Ihr Partner f\u00fcr Werkstatteinrichtung. | Gro\u00dfhandel, Autoteile, Autozubeh\u00f6r, Werkstatteinrichtung\" \/>\n<meta property=\"og:description\" content=\"DIENSTANBIETERs Neimcke GmbH &amp; Co. KG Am Industriepark 21 D-84453 M\u00fchldorf\/Inn GESCH\u00c4FTSF\u00dcHRUNG J\u00f6rg Neimcke, Heinz Rieker USt-IdNr.: DE 129 255 498 KONZEPT, DESIGN, PROGRAMMIERUNG Spreadfilms HAFTUNGSAUSSCHLUSS PRIVATSPH\u00c4RE Wir sch\u00e4tzen Ihre Privatsph\u00e4re. Informationen, die Sie uns \u00fcber ein Formular mitteilen, werden wir ausschlie\u00dflich zur Kontaktaufnahme verwenden, soweit Sie diese gew\u00fcnscht haben. Die Daten werden auf keinen&nbsp; &hellip; Read more\" \/>\n<meta property=\"og:url\" content=\"https:\/\/www.neimcke-werkstatteinrichtung.de\/at\/impressum\/\" \/>\n<meta property=\"og:site_name\" content=\"Neimcke - Weil jedes Teil z\u00e4hlt! Ihr Partner f\u00fcr Werkstatteinrichtung. | Gro\u00dfhandel, Autoteile, Autozubeh\u00f6r, Werkstatteinrichtung\" \/>\n<meta property=\"article:modified_time\" content=\"2023-04-09T15:19:24+00:00\" \/>\n<meta name=\"twitter:card\" content=\"summary_large_image\" \/>\n<meta name=\"twitter:label1\" content=\"Est. reading time\" \/>\n\t<meta name=\"twitter:data1\" content=\"4 minutes\" \/>\n<script type=\"application\/ld+json\" class=\"yoast-schema-graph\">{\"@context\":\"https:\/\/schema.org\",\"@graph\":[{\"@type\":\"WebPage\",\"@id\":\"https:\/\/www.neimcke-werkstatteinrichtung.de\/at\/impressum\/\",\"url\":\"https:\/\/www.neimcke-werkstatteinrichtung.de\/at\/impressum\/\",\"name\":\"Impressum - Neimcke - Weil jedes Teil z\u00e4hlt! Ihr Partner f\u00fcr Werkstatteinrichtung. | Gro\u00dfhandel, Autoteile, Autozubeh\u00f6r, Werkstatteinrichtung\",\"isPartOf\":{\"@id\":\"https:\/\/www.neimcke-werkstatteinrichtung.de\/#website\"},\"datePublished\":\"2016-10-07T16:46:31+00:00\",\"dateModified\":\"2023-04-09T15:19:24+00:00\",\"inLanguage\":\"at-AT\",\"potentialAction\":[{\"@type\":\"ReadAction\",\"target\":[\"https:\/\/www.neimcke-werkstatteinrichtung.de\/at\/impressum\/\"]}]},{\"@type\":\"WebSite\",\"@id\":\"https:\/\/www.neimcke-werkstatteinrichtung.de\/#website\",\"url\":\"https:\/\/www.neimcke-werkstatteinrichtung.de\/\",\"name\":\"Neimcke - Weil jedes Teil z\u00e4hlt! Ihr Partner f\u00fcr Werkstatteinrichtung. | Gro\u00dfhandel, Autoteile, Autozubeh\u00f6r, Werkstatteinrichtung\",\"description\":\"Die komplette Werkstatteinrichtung - alles aus einer Hand.\",\"potentialAction\":[{\"@type\":\"SearchAction\",\"target\":{\"@type\":\"EntryPoint\",\"urlTemplate\":\"https:\/\/www.neimcke-werkstatteinrichtung.de\/?s={search_term_string}\"},\"query-input\":{\"@type\":\"PropertyValueSpecification\",\"valueRequired\":true,\"valueName\":\"search_term_string\"}}],\"inLanguage\":\"at-AT\"}]}<\/script>\n<!-- \/ Yoast SEO plugin. -->","yoast_head_json":{"title":"Impressum - Neimcke - Weil jedes Teil z\u00e4hlt! Ihr Partner f\u00fcr Werkstatteinrichtung. | Gro\u00dfhandel, Autoteile, Autozubeh\u00f6r, Werkstatteinrichtung","robots":{"index":"index","follow":"follow","max-snippet":"max-snippet:-1","max-image-preview":"max-image-preview:large","max-video-preview":"max-video-preview:-1"},"canonical":"https:\/\/www.neimcke-werkstatteinrichtung.de\/at\/impressum\/","og_locale":"en_US","og_type":"article","og_title":"Impressum - Neimcke - Weil jedes Teil z\u00e4hlt! Ihr Partner f\u00fcr Werkstatteinrichtung. | Gro\u00dfhandel, Autoteile, Autozubeh\u00f6r, Werkstatteinrichtung","og_description":"DIENSTANBIETERs Neimcke GmbH &amp; Co. KG Am Industriepark 21 D-84453 M\u00fchldorf\/Inn GESCH\u00c4FTSF\u00dcHRUNG J\u00f6rg Neimcke, Heinz Rieker USt-IdNr.: DE 129 255 498 KONZEPT, DESIGN, PROGRAMMIERUNG Spreadfilms HAFTUNGSAUSSCHLUSS PRIVATSPH\u00c4RE Wir sch\u00e4tzen Ihre Privatsph\u00e4re. Informationen, die Sie uns \u00fcber ein Formular mitteilen, werden wir ausschlie\u00dflich zur Kontaktaufnahme verwenden, soweit Sie diese gew\u00fcnscht haben. Die Daten werden auf keinen&nbsp; &hellip; Read more","og_url":"https:\/\/www.neimcke-werkstatteinrichtung.de\/at\/impressum\/","og_site_name":"Neimcke - Weil jedes Teil z\u00e4hlt! Ihr Partner f\u00fcr Werkstatteinrichtung. | Gro\u00dfhandel, Autoteile, Autozubeh\u00f6r, Werkstatteinrichtung","article_modified_time":"2023-04-09T15:19:24+00:00","twitter_card":"summary_large_image","twitter_misc":{"Est. reading time":"4 minutes"},"schema":{"@context":"https:\/\/schema.org","@graph":[{"@type":"WebPage","@id":"https:\/\/www.neimcke-werkstatteinrichtung.de\/at\/impressum\/","url":"https:\/\/www.neimcke-werkstatteinrichtung.de\/at\/impressum\/","name":"Impressum - Neimcke - Weil jedes Teil z\u00e4hlt! Ihr Partner f\u00fcr Werkstatteinrichtung. | Gro\u00dfhandel, Autoteile, Autozubeh\u00f6r, Werkstatteinrichtung","isPartOf":{"@id":"https:\/\/www.neimcke-werkstatteinrichtung.de\/#website"},"datePublished":"2016-10-07T16:46:31+00:00","dateModified":"2023-04-09T15:19:24+00:00","inLanguage":"at-AT","potentialAction":[{"@type":"ReadAction","target":["https:\/\/www.neimcke-werkstatteinrichtung.de\/at\/impressum\/"]}]},{"@type":"WebSite","@id":"https:\/\/www.neimcke-werkstatteinrichtung.de\/#website","url":"https:\/\/www.neimcke-werkstatteinrichtung.de\/","name":"Neimcke - Weil jedes Teil z\u00e4hlt! Ihr Partner f\u00fcr Werkstatteinrichtung. | Gro\u00dfhandel, Autoteile, Autozubeh\u00f6r, Werkstatteinrichtung","description":"Die komplette Werkstatteinrichtung - alles aus einer Hand.","potentialAction":[{"@type":"SearchAction","target":{"@type":"EntryPoint","urlTemplate":"https:\/\/www.neimcke-werkstatteinrichtung.de\/?s={search_term_string}"},"query-input":{"@type":"PropertyValueSpecification","valueRequired":true,"valueName":"search_term_string"}}],"inLanguage":"at-AT"}]}},"_links":{"self":[{"href":"https:\/\/www.neimcke-werkstatteinrichtung.de\/at\/wp-json\/wp\/v2\/pages\/2000","targetHints":{"allow":["GET"]}}],"collection":[{"href":"https:\/\/www.neimcke-werkstatteinrichtung.de\/at\/wp-json\/wp\/v2\/pages"}],"about":[{"href":"https:\/\/www.neimcke-werkstatteinrichtung.de\/at\/wp-json\/wp\/v2\/types\/page"}],"author":[{"embeddable":true,"href":"https:\/\/www.neimcke-werkstatteinrichtung.de\/at\/wp-json\/wp\/v2\/users\/9"}],"replies":[{"embeddable":true,"href":"https:\/\/www.neimcke-werkstatteinrichtung.de\/at\/wp-json\/wp\/v2\/comments?post=2000"}],"version-history":[{"count":3,"href":"https:\/\/www.neimcke-werkstatteinrichtung.de\/at\/wp-json\/wp\/v2\/pages\/2000\/revisions"}],"predecessor-version":[{"id":2278,"href":"https:\/\/www.neimcke-werkstatteinrichtung.de\/at\/wp-json\/wp\/v2\/pages\/2000\/revisions\/2278"}],"wp:attachment":[{"href":"https:\/\/www.neimcke-werkstatteinrichtung.de\/at\/wp-json\/wp\/v2\/media?parent=2000"}],"curies":[{"name":"wp","href":"https:\/\/api.w.org\/{rel}","templated":true}]}}