{"id":234,"date":"2016-09-30T07:07:29","date_gmt":"2016-09-30T07:07:29","guid":{"rendered":"http:\/\/www.neimcke-werkstatteinrichtung.de\/?page_id=234"},"modified":"2017-11-15T09:43:54","modified_gmt":"2017-11-15T09:43:54","slug":"produktprogramm","status":"publish","type":"page","link":"https:\/\/www.neimcke-werkstatteinrichtung.de\/at\/produktprogramm\/","title":{"rendered":"Produkte"},"content":{"rendered":"<p>Die komplette Werkstatteinrichtung\u00a0aus einer Hand.<\/p>\n","protected":false},"excerpt":{"rendered":"<p>Die komplette Werkstatteinrichtung\u00a0aus einer Hand.<\/p>\n","protected":false},"author":9,"featured_media":0,"parent":0,"menu_order":0,"comment_status":"closed","ping_status":"closed","template":"page-templates\/produktprogramm.php","meta":{"_acf_changed":false,"footnotes":""},"class_list":["post-234","page","type-page","status-publish","hentry"],"acf":[],"yoast_head":"<!-- This site is optimized with the Yoast SEO plugin v26.6 - https:\/\/yoast.com\/wordpress\/plugins\/seo\/ -->\n<title>Produkte - Neimcke - Weil jedes Teil z\u00e4hlt! Ihr Partner f\u00fcr Werkstatteinrichtung. | Gro\u00dfhandel, Autoteile, Autozubeh\u00f6r, Werkstatteinrichtung<\/title>\n<meta name=\"robots\" content=\"index, follow, max-snippet:-1, max-image-preview:large, max-video-preview:-1\" \/>\n<link rel=\"canonical\" href=\"https:\/\/www.neimcke-werkstatteinrichtung.de\/produktprogramm\/\" \/>\n<meta property=\"og:locale\" content=\"en_US\" \/>\n<meta property=\"og:type\" content=\"article\" \/>\n<meta property=\"og:title\" content=\"Produkte - Neimcke - Weil jedes Teil z\u00e4hlt! Ihr Partner f\u00fcr Werkstatteinrichtung. | Gro\u00dfhandel, Autoteile, Autozubeh\u00f6r, Werkstatteinrichtung\" \/>\n<meta property=\"og:description\" content=\"Die komplette Werkstatteinrichtung\u00a0aus einer Hand.\" \/>\n<meta property=\"og:url\" content=\"https:\/\/www.neimcke-werkstatteinrichtung.de\/produktprogramm\/\" \/>\n<meta property=\"og:site_name\" content=\"Neimcke - Weil jedes Teil z\u00e4hlt! Ihr Partner f\u00fcr Werkstatteinrichtung. | Gro\u00dfhandel, Autoteile, Autozubeh\u00f6r, Werkstatteinrichtung\" \/>\n<meta property=\"article:modified_time\" content=\"2017-11-15T09:43:54+00:00\" \/>\n<meta name=\"twitter:card\" content=\"summary_large_image\" \/>\n<script type=\"application\/ld+json\" class=\"yoast-schema-graph\">{\"@context\":\"https:\/\/schema.org\",\"@graph\":[{\"@type\":\"WebPage\",\"@id\":\"https:\/\/www.neimcke-werkstatteinrichtung.de\/produktprogramm\/\",\"url\":\"https:\/\/www.neimcke-werkstatteinrichtung.de\/produktprogramm\/\",\"name\":\"Produkte - Neimcke - Weil jedes Teil z\u00e4hlt! Ihr Partner f\u00fcr Werkstatteinrichtung. | Gro\u00dfhandel, Autoteile, Autozubeh\u00f6r, Werkstatteinrichtung\",\"isPartOf\":{\"@id\":\"https:\/\/www.neimcke-werkstatteinrichtung.de\/#website\"},\"datePublished\":\"2016-09-30T07:07:29+00:00\",\"dateModified\":\"2017-11-15T09:43:54+00:00\",\"inLanguage\":\"at-AT\",\"potentialAction\":[{\"@type\":\"ReadAction\",\"target\":[\"https:\/\/www.neimcke-werkstatteinrichtung.de\/produktprogramm\/\"]}]},{\"@type\":\"WebSite\",\"@id\":\"https:\/\/www.neimcke-werkstatteinrichtung.de\/#website\",\"url\":\"https:\/\/www.neimcke-werkstatteinrichtung.de\/\",\"name\":\"Neimcke - Weil jedes Teil z\u00e4hlt! Ihr Partner f\u00fcr Werkstatteinrichtung. | Gro\u00dfhandel, Autoteile, Autozubeh\u00f6r, Werkstatteinrichtung\",\"description\":\"Die komplette Werkstatteinrichtung - alles aus einer Hand.\",\"potentialAction\":[{\"@type\":\"SearchAction\",\"target\":{\"@type\":\"EntryPoint\",\"urlTemplate\":\"https:\/\/www.neimcke-werkstatteinrichtung.de\/?s={search_term_string}\"},\"query-input\":{\"@type\":\"PropertyValueSpecification\",\"valueRequired\":true,\"valueName\":\"search_term_string\"}}],\"inLanguage\":\"at-AT\"}]}<\/script>\n<!-- \/ Yoast SEO plugin. -->","yoast_head_json":{"title":"Produkte - Neimcke - Weil jedes Teil z\u00e4hlt! Ihr Partner f\u00fcr Werkstatteinrichtung. | Gro\u00dfhandel, Autoteile, Autozubeh\u00f6r, Werkstatteinrichtung","robots":{"index":"index","follow":"follow","max-snippet":"max-snippet:-1","max-image-preview":"max-image-preview:large","max-video-preview":"max-video-preview:-1"},"canonical":"https:\/\/www.neimcke-werkstatteinrichtung.de\/produktprogramm\/","og_locale":"en_US","og_type":"article","og_title":"Produkte - Neimcke - Weil jedes Teil z\u00e4hlt! Ihr Partner f\u00fcr Werkstatteinrichtung. | Gro\u00dfhandel, Autoteile, Autozubeh\u00f6r, Werkstatteinrichtung","og_description":"Die komplette Werkstatteinrichtung\u00a0aus einer Hand.","og_url":"https:\/\/www.neimcke-werkstatteinrichtung.de\/produktprogramm\/","og_site_name":"Neimcke - Weil jedes Teil z\u00e4hlt! Ihr Partner f\u00fcr Werkstatteinrichtung. | Gro\u00dfhandel, Autoteile, Autozubeh\u00f6r, Werkstatteinrichtung","article_modified_time":"2017-11-15T09:43:54+00:00","twitter_card":"summary_large_image","schema":{"@context":"https:\/\/schema.org","@graph":[{"@type":"WebPage","@id":"https:\/\/www.neimcke-werkstatteinrichtung.de\/produktprogramm\/","url":"https:\/\/www.neimcke-werkstatteinrichtung.de\/produktprogramm\/","name":"Produkte - Neimcke - Weil jedes Teil z\u00e4hlt! Ihr Partner f\u00fcr Werkstatteinrichtung. | Gro\u00dfhandel, Autoteile, Autozubeh\u00f6r, Werkstatteinrichtung","isPartOf":{"@id":"https:\/\/www.neimcke-werkstatteinrichtung.de\/#website"},"datePublished":"2016-09-30T07:07:29+00:00","dateModified":"2017-11-15T09:43:54+00:00","inLanguage":"at-AT","potentialAction":[{"@type":"ReadAction","target":["https:\/\/www.neimcke-werkstatteinrichtung.de\/produktprogramm\/"]}]},{"@type":"WebSite","@id":"https:\/\/www.neimcke-werkstatteinrichtung.de\/#website","url":"https:\/\/www.neimcke-werkstatteinrichtung.de\/","name":"Neimcke - Weil jedes Teil z\u00e4hlt! Ihr Partner f\u00fcr Werkstatteinrichtung. | Gro\u00dfhandel, Autoteile, Autozubeh\u00f6r, Werkstatteinrichtung","description":"Die komplette Werkstatteinrichtung - alles aus einer Hand.","potentialAction":[{"@type":"SearchAction","target":{"@type":"EntryPoint","urlTemplate":"https:\/\/www.neimcke-werkstatteinrichtung.de\/?s={search_term_string}"},"query-input":{"@type":"PropertyValueSpecification","valueRequired":true,"valueName":"search_term_string"}}],"inLanguage":"at-AT"}]}},"_links":{"self":[{"href":"https:\/\/www.neimcke-werkstatteinrichtung.de\/at\/wp-json\/wp\/v2\/pages\/234","targetHints":{"allow":["GET"]}}],"collection":[{"href":"https:\/\/www.neimcke-werkstatteinrichtung.de\/at\/wp-json\/wp\/v2\/pages"}],"about":[{"href":"https:\/\/www.neimcke-werkstatteinrichtung.de\/at\/wp-json\/wp\/v2\/types\/page"}],"author":[{"embeddable":true,"href":"https:\/\/www.neimcke-werkstatteinrichtung.de\/at\/wp-json\/wp\/v2\/users\/9"}],"replies":[{"embeddable":true,"href":"https:\/\/www.neimcke-werkstatteinrichtung.de\/at\/wp-json\/wp\/v2\/comments?post=234"}],"version-history":[{"count":14,"href":"https:\/\/www.neimcke-werkstatteinrichtung.de\/at\/wp-json\/wp\/v2\/pages\/234\/revisions"}],"predecessor-version":[{"id":1921,"href":"https:\/\/www.neimcke-werkstatteinrichtung.de\/at\/wp-json\/wp\/v2\/pages\/234\/revisions\/1921"}],"wp:attachment":[{"href":"https:\/\/www.neimcke-werkstatteinrichtung.de\/at\/wp-json\/wp\/v2\/media?parent=234"}],"curies":[{"name":"wp","href":"https:\/\/api.w.org\/{rel}","templated":true}]}}